{"id":2144,"date":"2024-07-05T10:39:54","date_gmt":"2024-07-05T09:39:54","guid":{"rendered":"https:\/\/haqaa3.obreal.org\/confirmation-dinscription\/"},"modified":"2024-11-08T15:39:31","modified_gmt":"2024-11-08T14:39:31","slug":"confirmation-dinscription","status":"publish","type":"page","link":"https:\/\/haqaa3.obreal.org\/fr\/cours-en-ligne-sur-integration-et-cooperation-regionales-et-continentales-africaines-dans-le-domaine-de-lenseignement-superieur\/confirmation-dinscription\/","title":{"rendered":"Confirmation d&rsquo;inscription"},"content":{"rendered":"<style>.kb-row-layout-id1380_e45da9-dc > .kt-row-column-wrap{align-content:start;}:where(.kb-row-layout-id1380_e45da9-dc > .kt-row-column-wrap) > .wp-block-kadence-column{justify-content:start;}.kb-row-layout-id1380_e45da9-dc > .kt-row-column-wrap{column-gap:var(--global-kb-gap-md, 2rem);row-gap:var(--global-kb-gap-md, 2rem);max-width:var( --global-content-width, 1290px );padding-left:var(--global-content-edge-padding);padding-right:var(--global-content-edge-padding);padding-top:var(--global-kb-spacing-xxl, 5rem);padding-bottom:var(--global-kb-spacing-xxl, 5rem);grid-template-columns:repeat(2, minmax(0, 1fr));}.kb-row-layout-id1380_e45da9-dc{border-top:40px solid var(--global-palette8, #F7FAFC);border-bottom:40px solid var(--global-palette8, #F7FAFC);}.kb-row-layout-id1380_e45da9-dc{background-image:url('https:\/\/haqaa3.obreal.org\/wp-content\/uploads\/2024\/07\/men-putting-a-thumbs-up-5684562-scaled.jpg');background-size:cover;background-position:13% 31%;background-attachment:scroll;background-repeat:no-repeat;}.kb-row-layout-id1380_e45da9-dc > .kt-row-layout-overlay{opacity:1;background:linear-gradient(90deg,var(--global-palette8,#F7FAFC) 30%,rgba(255,255,255,0) 30%);}@media all and (max-width: 1024px){.kb-row-layout-id1380_e45da9-dc > .kt-row-column-wrap{column-gap:var(--global-kb-gap-md, 2rem);grid-template-columns:minmax(0, 2fr) minmax(0, 1fr);}}@media all and (max-width: 1024px){.kb-row-layout-id1380_e45da9-dc{border-top:40px solid var(--global-palette8, #F7FAFC);border-bottom:40px solid var(--global-palette8, #F7FAFC);}}@media all and (max-width: 767px){.kb-row-layout-id1380_e45da9-dc > .kt-row-column-wrap{padding-top:var(--global-kb-spacing-lg, 3rem);padding-bottom:var(--global-kb-spacing-lg, 3rem);grid-template-columns:minmax(0, 1fr);}.kb-row-layout-id1380_e45da9-dc{border-top:40px solid var(--global-palette8, #F7FAFC);border-bottom:40px solid var(--global-palette8, #F7FAFC);}.kb-row-layout-id1380_e45da9-dc > .kt-row-layout-overlay{opacity:0.00;}}<\/style><div class=\"kb-row-layout-wrap kb-row-layout-id1380_e45da9-dc alignfull has-theme-palette8-background-color kt-row-has-bg wp-block-kadence-rowlayout\"><div class=\"kt-row-layout-overlay kt-row-overlay-gradient\"><\/div><div class=\"kt-row-column-wrap kt-has-2-columns kt-row-layout-equal kt-tab-layout-left-golden kt-mobile-layout-row kt-row-valign-top kb-theme-content-width\">\n<style>.kadence-column1380_14923f-f3 > .kt-inside-inner-col{padding-top:var(--global-kb-spacing-xl, 4rem);padding-right:var(--global-kb-spacing-xl, 4rem);padding-bottom:var(--global-kb-spacing-xl, 4rem);padding-left:var(--global-kb-spacing-xl, 4rem);}.kadence-column1380_14923f-f3 > .kt-inside-inner-col,.kadence-column1380_14923f-f3 > .kt-inside-inner-col:before{border-top-left-radius:7px;border-top-right-radius:7px;border-bottom-right-radius:7px;border-bottom-left-radius:7px;}.kadence-column1380_14923f-f3 > .kt-inside-inner-col{column-gap:var(--global-kb-gap-sm, 1rem);}.kadence-column1380_14923f-f3 > .kt-inside-inner-col{flex-direction:column;}.kadence-column1380_14923f-f3 > .kt-inside-inner-col > .aligncenter{width:100%;}.kadence-column1380_14923f-f3 > .kt-inside-inner-col{background-color:var(--global-palette9, #ffffff);}.kadence-column1380_14923f-f3 > .kt-inside-inner-col:before{opacity:0.3;}.kadence-column1380_14923f-f3{position:relative;}@media all and (max-width: 1024px){.kadence-column1380_14923f-f3 > .kt-inside-inner-col{flex-direction:column;justify-content:center;}}@media all and (max-width: 767px){.kadence-column1380_14923f-f3 > .kt-inside-inner-col{padding-top:var(--global-kb-spacing-md, 2rem);padding-right:var(--global-kb-spacing-md, 2rem);padding-bottom:var(--global-kb-spacing-md, 2rem);padding-left:var(--global-kb-spacing-md, 2rem);flex-direction:column;justify-content:center;}}<\/style>\n<div class=\"wp-block-kadence-column kadence-column1380_14923f-f3\"><div class=\"kt-inside-inner-col\"><style>.wp-block-kadence-advancedheading.kt-adv-heading1380_f86228-9a, .wp-block-kadence-advancedheading.kt-adv-heading1380_f86228-9a[data-kb-block=\"kb-adv-heading1380_f86228-9a\"]{margin-bottom:var(--global-kb-spacing-xs, 1rem);font-size:32px;line-height:1.3;font-style:normal;}.wp-block-kadence-advancedheading.kt-adv-heading1380_f86228-9a mark.kt-highlight, .wp-block-kadence-advancedheading.kt-adv-heading1380_f86228-9a[data-kb-block=\"kb-adv-heading1380_f86228-9a\"] mark.kt-highlight{font-style:normal;color:#f76a0c;-webkit-box-decoration-break:clone;box-decoration-break:clone;padding-top:0px;padding-right:0px;padding-bottom:0px;padding-left:0px;}<\/style>\n<h2 class=\"kt-adv-heading1380_f86228-9a wp-block-kadence-advancedheading has-theme-palette-3-color has-text-color\" data-kb-block=\"kb-adv-heading1380_f86228-9a\">F\u00e9licitations ! Votre inscription a \u00e9t\u00e9 effectu\u00e9e avec succ\u00e8s. <\/h2>\n\n\n<style>.wp-block-kadence-advancedheading.kt-adv-heading1380_1f6837-ad, .wp-block-kadence-advancedheading.kt-adv-heading1380_1f6837-ad[data-kb-block=\"kb-adv-heading1380_1f6837-ad\"]{font-style:normal;}.wp-block-kadence-advancedheading.kt-adv-heading1380_1f6837-ad mark.kt-highlight, .wp-block-kadence-advancedheading.kt-adv-heading1380_1f6837-ad[data-kb-block=\"kb-adv-heading1380_1f6837-ad\"] mark.kt-highlight{font-style:normal;color:#f76a0c;-webkit-box-decoration-break:clone;box-decoration-break:clone;padding-top:0px;padding-right:0px;padding-bottom:0px;padding-left:0px;}<\/style>\n<p class=\"kt-adv-heading1380_1f6837-ad wp-block-kadence-advancedheading has-theme-palette-4-color has-text-color\" data-kb-block=\"kb-adv-heading1380_1f6837-ad\">Vous recevrez un e-mail de confirmation contenant toutes les informations sur les prochaines \u00e9tapes. Si vous ne recevez pas cet e-mail, veuillez nous contacter \u00e0 l&rsquo;adresse suivante : info@obreal.org. <\/p>\n<\/div><\/div>\n\n\n<style>.kadence-column1380_8f5cf2-e9 > .kt-inside-inner-col,.kadence-column1380_8f5cf2-e9 > .kt-inside-inner-col:before{border-top-left-radius:0px;border-top-right-radius:0px;border-bottom-right-radius:0px;border-bottom-left-radius:0px;}.kadence-column1380_8f5cf2-e9 > .kt-inside-inner-col{column-gap:var(--global-kb-gap-sm, 1rem);}.kadence-column1380_8f5cf2-e9 > .kt-inside-inner-col{flex-direction:column;}.kadence-column1380_8f5cf2-e9 > .kt-inside-inner-col > .aligncenter{width:100%;}.kadence-column1380_8f5cf2-e9 > .kt-inside-inner-col:before{opacity:0.3;}.kadence-column1380_8f5cf2-e9{position:relative;}@media all and (max-width: 1024px){.kadence-column1380_8f5cf2-e9 > .kt-inside-inner-col{flex-direction:column;justify-content:center;}}@media all and (max-width: 767px){.kadence-column1380_8f5cf2-e9 > .kt-inside-inner-col{flex-direction:column;justify-content:center;}}<\/style>\n<div class=\"wp-block-kadence-column kadence-column1380_8f5cf2-e9\"><div class=\"kt-inside-inner-col\"><\/div><\/div>\n\n<\/div><\/div>","protected":false},"excerpt":{"rendered":"<p>F\u00e9licitations ! Votre inscription a \u00e9t\u00e9 effectu\u00e9e avec succ\u00e8s. Vous recevrez un e-mail de confirmation contenant toutes les informations sur les prochaines \u00e9tapes. Si vous ne recevez pas cet e-mail, veuillez nous contacter \u00e0 l&rsquo;adresse suivante : info@obreal.org.<\/p>\n","protected":false},"author":7,"featured_media":0,"parent":2203,"menu_order":0,"comment_status":"closed","ping_status":"closed","template":"","meta":{"_acf_changed":false,"_bbp_topic_count":0,"_bbp_reply_count":0,"_bbp_total_topic_count":0,"_bbp_total_reply_count":0,"_bbp_voice_count":0,"_bbp_anonymous_reply_count":0,"_bbp_topic_count_hidden":0,"_bbp_reply_count_hidden":0,"_bbp_forum_subforum_count":0,"inline_featured_image":false,"_kad_blocks_custom_css":"","_kad_blocks_head_custom_js":"","_kad_blocks_body_custom_js":"","_kad_blocks_footer_custom_js":"","_kad_post_transparent":"","_kad_post_title":"","_kad_post_layout":"","_kad_post_sidebar_id":"","_kad_post_content_style":"","_kad_post_vertical_padding":"","_kad_post_feature":"","_kad_post_feature_position":"","_kad_post_header":false,"_kad_post_footer":false,"footnotes":""},"class_list":["post-2144","page","type-page","status-publish","hentry"],"acf":[],"yoast_head":"<!-- This site is optimized with the Yoast SEO plugin v26.0 - https:\/\/yoast.com\/wordpress\/plugins\/seo\/ -->\n<title>Confirmation d&#039;inscription - HAQAA3<\/title>\n<meta name=\"robots\" content=\"index, follow, max-snippet:-1, max-image-preview:large, max-video-preview:-1\" \/>\n<link rel=\"canonical\" href=\"https:\/\/haqaa3.obreal.org\/fr\/cours-en-ligne-sur-integration-et-cooperation-regionales-et-continentales-africaines-dans-le-domaine-de-lenseignement-superieur\/confirmation-dinscription\/\" \/>\n<meta property=\"og:locale\" content=\"fr_FR\" \/>\n<meta property=\"og:type\" content=\"article\" \/>\n<meta property=\"og:title\" content=\"Confirmation d&#039;inscription - HAQAA3\" \/>\n<meta property=\"og:description\" content=\"F\u00e9licitations ! Votre inscription a \u00e9t\u00e9 effectu\u00e9e avec succ\u00e8s. Vous recevrez un e-mail de confirmation contenant toutes les informations sur les prochaines \u00e9tapes. Si vous ne recevez pas cet e-mail, veuillez nous contacter \u00e0 l&rsquo;adresse suivante : info@obreal.org.\" \/>\n<meta property=\"og:url\" content=\"https:\/\/haqaa3.obreal.org\/fr\/cours-en-ligne-sur-integration-et-cooperation-regionales-et-continentales-africaines-dans-le-domaine-de-lenseignement-superieur\/confirmation-dinscription\/\" \/>\n<meta property=\"og:site_name\" content=\"HAQAA3\" \/>\n<meta property=\"article:modified_time\" content=\"2024-11-08T14:39:31+00:00\" \/>\n<meta property=\"og:image\" content=\"https:\/\/haqaa3.obreal.org\/wp-content\/uploads\/2023\/08\/Perfil-Twitter.png\" \/>\n\t<meta property=\"og:image:width\" content=\"400\" \/>\n\t<meta property=\"og:image:height\" content=\"400\" \/>\n\t<meta property=\"og:image:type\" content=\"image\/png\" \/>\n<meta name=\"twitter:card\" content=\"summary_large_image\" \/>\n<meta name=\"twitter:site\" content=\"@HAQAA_3\" \/>\n<script type=\"application\/ld+json\" class=\"yoast-schema-graph\">{\"@context\":\"https:\/\/schema.org\",\"@graph\":[{\"@type\":\"WebPage\",\"@id\":\"https:\/\/haqaa3.obreal.org\/fr\/cours-en-ligne-sur-integration-et-cooperation-regionales-et-continentales-africaines-dans-le-domaine-de-lenseignement-superieur\/confirmation-dinscription\/\",\"url\":\"https:\/\/haqaa3.obreal.org\/fr\/cours-en-ligne-sur-integration-et-cooperation-regionales-et-continentales-africaines-dans-le-domaine-de-lenseignement-superieur\/confirmation-dinscription\/\",\"name\":\"Confirmation d'inscription - HAQAA3\",\"isPartOf\":{\"@id\":\"https:\/\/haqaa3.obreal.org\/fr\/#website\"},\"datePublished\":\"2024-07-05T09:39:54+00:00\",\"dateModified\":\"2024-11-08T14:39:31+00:00\",\"breadcrumb\":{\"@id\":\"https:\/\/haqaa3.obreal.org\/fr\/cours-en-ligne-sur-integration-et-cooperation-regionales-et-continentales-africaines-dans-le-domaine-de-lenseignement-superieur\/confirmation-dinscription\/#breadcrumb\"},\"inLanguage\":\"fr-FR\",\"potentialAction\":[{\"@type\":\"ReadAction\",\"target\":[\"https:\/\/haqaa3.obreal.org\/fr\/cours-en-ligne-sur-integration-et-cooperation-regionales-et-continentales-africaines-dans-le-domaine-de-lenseignement-superieur\/confirmation-dinscription\/\"]}]},{\"@type\":\"BreadcrumbList\",\"@id\":\"https:\/\/haqaa3.obreal.org\/fr\/cours-en-ligne-sur-integration-et-cooperation-regionales-et-continentales-africaines-dans-le-domaine-de-lenseignement-superieur\/confirmation-dinscription\/#breadcrumb\",\"itemListElement\":[{\"@type\":\"ListItem\",\"position\":1,\"name\":\"Home\",\"item\":\"https:\/\/haqaa3.obreal.org\/fr\/\"},{\"@type\":\"ListItem\",\"position\":2,\"name\":\"Cours en ligne sur Int\u00e9gration et coop\u00e9ration r\u00e9gionales et continentales africaines dans le domaine de l&#8217;enseignement sup\u00e9rieur\",\"item\":\"https:\/\/haqaa3.obreal.org\/fr\/cours-en-ligne-sur-integration-et-cooperation-regionales-et-continentales-africaines-dans-le-domaine-de-lenseignement-superieur\/\"},{\"@type\":\"ListItem\",\"position\":3,\"name\":\"Confirmation d&#8217;inscription\"}]},{\"@type\":\"WebSite\",\"@id\":\"https:\/\/haqaa3.obreal.org\/fr\/#website\",\"url\":\"https:\/\/haqaa3.obreal.org\/fr\/\",\"name\":\"HAQAA3\",\"description\":\"This is the website of HAQAA3, the third phase of a robust response of the European and African Union\u2019s \u201cto provide African countries with the skilled workers, managers and administrators they need to foster sustainable development and encourage trade and investment as well as to enhance citizenship and democratic values\u201d\",\"publisher\":{\"@id\":\"https:\/\/haqaa3.obreal.org\/fr\/#organization\"},\"potentialAction\":[{\"@type\":\"SearchAction\",\"target\":{\"@type\":\"EntryPoint\",\"urlTemplate\":\"https:\/\/haqaa3.obreal.org\/fr\/?s={search_term_string}\"},\"query-input\":{\"@type\":\"PropertyValueSpecification\",\"valueRequired\":true,\"valueName\":\"search_term_string\"}}],\"inLanguage\":\"fr-FR\"},{\"@type\":\"Organization\",\"@id\":\"https:\/\/haqaa3.obreal.org\/fr\/#organization\",\"name\":\"HAQAA3\",\"url\":\"https:\/\/haqaa3.obreal.org\/fr\/\",\"logo\":{\"@type\":\"ImageObject\",\"inLanguage\":\"fr-FR\",\"@id\":\"https:\/\/haqaa3.obreal.org\/fr\/#\/schema\/logo\/image\/\",\"url\":\"https:\/\/haqaa3.obreal.org\/wp-content\/uploads\/2023\/08\/Perfil-Twitter.png\",\"contentUrl\":\"https:\/\/haqaa3.obreal.org\/wp-content\/uploads\/2023\/08\/Perfil-Twitter.png\",\"width\":400,\"height\":400,\"caption\":\"HAQAA3\"},\"image\":{\"@id\":\"https:\/\/haqaa3.obreal.org\/fr\/#\/schema\/logo\/image\/\"},\"sameAs\":[\"https:\/\/x.com\/HAQAA_3\"]}]}<\/script>\n<!-- \/ Yoast SEO plugin. -->","yoast_head_json":{"title":"Confirmation d'inscription - HAQAA3","robots":{"index":"index","follow":"follow","max-snippet":"max-snippet:-1","max-image-preview":"max-image-preview:large","max-video-preview":"max-video-preview:-1"},"canonical":"https:\/\/haqaa3.obreal.org\/fr\/cours-en-ligne-sur-integration-et-cooperation-regionales-et-continentales-africaines-dans-le-domaine-de-lenseignement-superieur\/confirmation-dinscription\/","og_locale":"fr_FR","og_type":"article","og_title":"Confirmation d'inscription - HAQAA3","og_description":"F\u00e9licitations ! Votre inscription a \u00e9t\u00e9 effectu\u00e9e avec succ\u00e8s. Vous recevrez un e-mail de confirmation contenant toutes les informations sur les prochaines \u00e9tapes. Si vous ne recevez pas cet e-mail, veuillez nous contacter \u00e0 l&rsquo;adresse suivante : info@obreal.org.","og_url":"https:\/\/haqaa3.obreal.org\/fr\/cours-en-ligne-sur-integration-et-cooperation-regionales-et-continentales-africaines-dans-le-domaine-de-lenseignement-superieur\/confirmation-dinscription\/","og_site_name":"HAQAA3","article_modified_time":"2024-11-08T14:39:31+00:00","og_image":[{"width":400,"height":400,"url":"https:\/\/haqaa3.obreal.org\/wp-content\/uploads\/2023\/08\/Perfil-Twitter.png","type":"image\/png"}],"twitter_card":"summary_large_image","twitter_site":"@HAQAA_3","schema":{"@context":"https:\/\/schema.org","@graph":[{"@type":"WebPage","@id":"https:\/\/haqaa3.obreal.org\/fr\/cours-en-ligne-sur-integration-et-cooperation-regionales-et-continentales-africaines-dans-le-domaine-de-lenseignement-superieur\/confirmation-dinscription\/","url":"https:\/\/haqaa3.obreal.org\/fr\/cours-en-ligne-sur-integration-et-cooperation-regionales-et-continentales-africaines-dans-le-domaine-de-lenseignement-superieur\/confirmation-dinscription\/","name":"Confirmation d'inscription - HAQAA3","isPartOf":{"@id":"https:\/\/haqaa3.obreal.org\/fr\/#website"},"datePublished":"2024-07-05T09:39:54+00:00","dateModified":"2024-11-08T14:39:31+00:00","breadcrumb":{"@id":"https:\/\/haqaa3.obreal.org\/fr\/cours-en-ligne-sur-integration-et-cooperation-regionales-et-continentales-africaines-dans-le-domaine-de-lenseignement-superieur\/confirmation-dinscription\/#breadcrumb"},"inLanguage":"fr-FR","potentialAction":[{"@type":"ReadAction","target":["https:\/\/haqaa3.obreal.org\/fr\/cours-en-ligne-sur-integration-et-cooperation-regionales-et-continentales-africaines-dans-le-domaine-de-lenseignement-superieur\/confirmation-dinscription\/"]}]},{"@type":"BreadcrumbList","@id":"https:\/\/haqaa3.obreal.org\/fr\/cours-en-ligne-sur-integration-et-cooperation-regionales-et-continentales-africaines-dans-le-domaine-de-lenseignement-superieur\/confirmation-dinscription\/#breadcrumb","itemListElement":[{"@type":"ListItem","position":1,"name":"Home","item":"https:\/\/haqaa3.obreal.org\/fr\/"},{"@type":"ListItem","position":2,"name":"Cours en ligne sur Int\u00e9gration et coop\u00e9ration r\u00e9gionales et continentales africaines dans le domaine de l&#8217;enseignement sup\u00e9rieur","item":"https:\/\/haqaa3.obreal.org\/fr\/cours-en-ligne-sur-integration-et-cooperation-regionales-et-continentales-africaines-dans-le-domaine-de-lenseignement-superieur\/"},{"@type":"ListItem","position":3,"name":"Confirmation d&#8217;inscription"}]},{"@type":"WebSite","@id":"https:\/\/haqaa3.obreal.org\/fr\/#website","url":"https:\/\/haqaa3.obreal.org\/fr\/","name":"HAQAA3","description":"This is the website of HAQAA3, the third phase of a robust response of the European and African Union\u2019s \u201cto provide African countries with the skilled workers, managers and administrators they need to foster sustainable development and encourage trade and investment as well as to enhance citizenship and democratic values\u201d","publisher":{"@id":"https:\/\/haqaa3.obreal.org\/fr\/#organization"},"potentialAction":[{"@type":"SearchAction","target":{"@type":"EntryPoint","urlTemplate":"https:\/\/haqaa3.obreal.org\/fr\/?s={search_term_string}"},"query-input":{"@type":"PropertyValueSpecification","valueRequired":true,"valueName":"search_term_string"}}],"inLanguage":"fr-FR"},{"@type":"Organization","@id":"https:\/\/haqaa3.obreal.org\/fr\/#organization","name":"HAQAA3","url":"https:\/\/haqaa3.obreal.org\/fr\/","logo":{"@type":"ImageObject","inLanguage":"fr-FR","@id":"https:\/\/haqaa3.obreal.org\/fr\/#\/schema\/logo\/image\/","url":"https:\/\/haqaa3.obreal.org\/wp-content\/uploads\/2023\/08\/Perfil-Twitter.png","contentUrl":"https:\/\/haqaa3.obreal.org\/wp-content\/uploads\/2023\/08\/Perfil-Twitter.png","width":400,"height":400,"caption":"HAQAA3"},"image":{"@id":"https:\/\/haqaa3.obreal.org\/fr\/#\/schema\/logo\/image\/"},"sameAs":["https:\/\/x.com\/HAQAA_3"]}]}},"taxonomy_info":[],"featured_image_src_large":false,"author_info":{"display_name":"Eloi Esposito","author_link":"https:\/\/haqaa3.obreal.org\/fr\/author\/eloiesposito\/"},"comment_info":0,"_links":{"self":[{"href":"https:\/\/haqaa3.obreal.org\/fr\/wp-json\/wp\/v2\/pages\/2144","targetHints":{"allow":["GET"]}}],"collection":[{"href":"https:\/\/haqaa3.obreal.org\/fr\/wp-json\/wp\/v2\/pages"}],"about":[{"href":"https:\/\/haqaa3.obreal.org\/fr\/wp-json\/wp\/v2\/types\/page"}],"author":[{"embeddable":true,"href":"https:\/\/haqaa3.obreal.org\/fr\/wp-json\/wp\/v2\/users\/7"}],"replies":[{"embeddable":true,"href":"https:\/\/haqaa3.obreal.org\/fr\/wp-json\/wp\/v2\/comments?post=2144"}],"version-history":[{"count":1,"href":"https:\/\/haqaa3.obreal.org\/fr\/wp-json\/wp\/v2\/pages\/2144\/revisions"}],"predecessor-version":[{"id":2155,"href":"https:\/\/haqaa3.obreal.org\/fr\/wp-json\/wp\/v2\/pages\/2144\/revisions\/2155"}],"up":[{"embeddable":true,"href":"https:\/\/haqaa3.obreal.org\/fr\/wp-json\/wp\/v2\/pages\/2203"}],"wp:attachment":[{"href":"https:\/\/haqaa3.obreal.org\/fr\/wp-json\/wp\/v2\/media?parent=2144"}],"curies":[{"name":"wp","href":"https:\/\/api.w.org\/{rel}","templated":true}]}}