{"id":4670,"date":"2025-01-30T14:14:39","date_gmt":"2025-01-30T13:14:39","guid":{"rendered":"https:\/\/haqaa3.obreal.org\/evaluations-dagences\/confirmation-evaluations-dagences\/"},"modified":"2025-02-03T11:46:44","modified_gmt":"2025-02-03T10:46:44","slug":"confirmation-evaluations-dagences","status":"publish","type":"page","link":"https:\/\/haqaa3.obreal.org\/fr\/evaluations-dagences\/confirmation-evaluations-dagences\/","title":{"rendered":"Confirmation &#8211; \u00c9valuations d&rsquo;agences"},"content":{"rendered":"<style>.kb-row-layout-id4509_894f0b-62 > .kt-row-column-wrap{align-content:center;}:where(.kb-row-layout-id4509_894f0b-62 > .kt-row-column-wrap) > .wp-block-kadence-column{justify-content:center;}.kb-row-layout-id4509_894f0b-62 > .kt-row-column-wrap{column-gap:var(--global-kb-gap-lg, 4rem);row-gap:var(--global-kb-gap-md, 2rem);max-width:var( --global-content-width, 1290px );padding-left:var(--global-content-edge-padding);padding-right:var(--global-content-edge-padding);padding-top:var(--global-kb-spacing-3xl, 6.5rem);padding-bottom:var(--global-kb-spacing-3xl, 6.5rem);grid-template-columns:repeat(2, minmax(0, 1fr));}.kb-row-layout-id4509_894f0b-62{background-image:linear-gradient(270deg,var(--global-palette1,#3182CE) 71%,var(--global-palette9,#ffffff) 71%,var(--global-palette9,#ffffff) 100%);}.kb-row-layout-id4509_894f0b-62 > .kt-row-layout-overlay{opacity:0.20;mix-blend-mode:multiply;}@media all and (max-width: 1024px){.kb-row-layout-id4509_894f0b-62 > .kt-row-column-wrap{grid-template-columns:repeat(2, minmax(0, 1fr));}}@media all and (max-width: 767px){.kb-row-layout-id4509_894f0b-62 > .kt-row-column-wrap{grid-template-columns:minmax(0, 1fr);}}<\/style><div class=\"kb-row-layout-wrap kb-row-layout-id4509_894f0b-62 alignfull has-theme-palette9-background-color kt-row-has-bg wp-block-kadence-rowlayout\"><div class=\"kt-row-column-wrap kt-has-2-columns kt-row-layout-equal kt-tab-layout-inherit kt-mobile-layout-row kt-row-valign-middle kb-theme-content-width\">\n<style>.kadence-column4509_ef66ac-10 > .kt-inside-inner-col,.kadence-column4509_ef66ac-10 > .kt-inside-inner-col:before{border-top-left-radius:0px;border-top-right-radius:0px;border-bottom-right-radius:0px;border-bottom-left-radius:0px;}.kadence-column4509_ef66ac-10 > .kt-inside-inner-col{column-gap:var(--global-kb-gap-sm, 1rem);}.kadence-column4509_ef66ac-10 > .kt-inside-inner-col{flex-direction:column;}.kadence-column4509_ef66ac-10 > .kt-inside-inner-col > .aligncenter{width:100%;}.kadence-column4509_ef66ac-10 > .kt-inside-inner-col:before{opacity:0.3;}.kadence-column4509_ef66ac-10{position:relative;}@media all and (max-width: 1024px){.kadence-column4509_ef66ac-10 > .kt-inside-inner-col{flex-direction:column;justify-content:center;}}@media all and (max-width: 767px){.kadence-column4509_ef66ac-10 > .kt-inside-inner-col{flex-direction:column;justify-content:center;}}<\/style>\n<div class=\"wp-block-kadence-column kadence-column4509_ef66ac-10\"><div class=\"kt-inside-inner-col\"><style>.kb-image4509_ad1c95-da .kb-image-has-overlay:after{opacity:0.3;border-top-left-radius:5px;border-top-right-radius:5px;border-bottom-right-radius:5px;border-bottom-left-radius:5px;}.kb-image4509_ad1c95-da img.kb-img, .kb-image4509_ad1c95-da .kb-img img{border-top-left-radius:5px;border-top-right-radius:5px;border-bottom-right-radius:5px;border-bottom-left-radius:5px;}<\/style>\n<figure class=\"wp-block-kadence-image kb-image4509_ad1c95-da size-full kb-image-is-ratio-size\"><div class=\"kb-is-ratio-image kb-image-ratio-square\"><img loading=\"lazy\" decoding=\"async\" width=\"500\" height=\"500\" src=\"https:\/\/haqaa3.obreal.org\/wp-content\/uploads\/2025\/01\/Diseno-sin-titulo-30.png\" alt=\"\" class=\"kb-img wp-image-4511\" srcset=\"https:\/\/haqaa3.obreal.org\/wp-content\/uploads\/2025\/01\/Diseno-sin-titulo-30.png 500w, https:\/\/haqaa3.obreal.org\/wp-content\/uploads\/2025\/01\/Diseno-sin-titulo-30-300x300.png 300w, https:\/\/haqaa3.obreal.org\/wp-content\/uploads\/2025\/01\/Diseno-sin-titulo-30-150x150.png 150w, https:\/\/haqaa3.obreal.org\/wp-content\/uploads\/2025\/01\/Diseno-sin-titulo-30-400x400.png 400w\" sizes=\"auto, (max-width: 500px) 100vw, 500px\" \/><\/div><\/figure>\n<\/div><\/div>\n\n\n<style>.kadence-column4509_1ce418-bf > .kt-inside-inner-col,.kadence-column4509_1ce418-bf > .kt-inside-inner-col:before{border-top-left-radius:0px;border-top-right-radius:0px;border-bottom-right-radius:0px;border-bottom-left-radius:0px;}.kadence-column4509_1ce418-bf > .kt-inside-inner-col{column-gap:var(--global-kb-gap-sm, 1rem);}.kadence-column4509_1ce418-bf > .kt-inside-inner-col{flex-direction:column;}.kadence-column4509_1ce418-bf > .kt-inside-inner-col > .aligncenter{width:100%;}.kadence-column4509_1ce418-bf > .kt-inside-inner-col:before{opacity:0.3;}.kadence-column4509_1ce418-bf{text-align:left;}.kadence-column4509_1ce418-bf{position:relative;}@media all and (max-width: 1024px){.kadence-column4509_1ce418-bf > .kt-inside-inner-col{flex-direction:column;justify-content:center;}}@media all and (max-width: 767px){.kadence-column4509_1ce418-bf > .kt-inside-inner-col{flex-direction:column;justify-content:center;}}<\/style>\n<div class=\"wp-block-kadence-column kadence-column4509_1ce418-bf inner-column-1\"><div class=\"kt-inside-inner-col\"><style>.wp-block-kadence-advancedheading.kt-adv-heading4509_d05829-0e, .wp-block-kadence-advancedheading.kt-adv-heading4509_d05829-0e[data-kb-block=\"kb-adv-heading4509_d05829-0e\"]{margin-top:var(--global-kb-spacing-xs, 1rem);margin-bottom:var(--global-kb-spacing-sm, 1.5rem);text-align:left;font-size:36px;line-height:1.1;font-style:normal;}.wp-block-kadence-advancedheading.kt-adv-heading4509_d05829-0e mark.kt-highlight, .wp-block-kadence-advancedheading.kt-adv-heading4509_d05829-0e[data-kb-block=\"kb-adv-heading4509_d05829-0e\"] mark.kt-highlight{font-style:normal;color:#f76a0c;-webkit-box-decoration-break:clone;box-decoration-break:clone;padding-top:0px;padding-right:0px;padding-bottom:0px;padding-left:0px;}<\/style>\n<h2 class=\"kt-adv-heading4509_d05829-0e wp-block-kadence-advancedheading has-theme-palette-9-color has-text-color\" data-kb-block=\"kb-adv-heading4509_d05829-0e\">Merci pour votre soumission !<\/h2>\n\n\n<style>.wp-block-kadence-advancedheading.kt-adv-heading4509_1ddb4a-b9, .wp-block-kadence-advancedheading.kt-adv-heading4509_1ddb4a-b9[data-kb-block=\"kb-adv-heading4509_1ddb4a-b9\"]{font-style:normal;}.wp-block-kadence-advancedheading.kt-adv-heading4509_1ddb4a-b9 mark.kt-highlight, .wp-block-kadence-advancedheading.kt-adv-heading4509_1ddb4a-b9[data-kb-block=\"kb-adv-heading4509_1ddb4a-b9\"] mark.kt-highlight{font-style:normal;color:#f76a0c;-webkit-box-decoration-break:clone;box-decoration-break:clone;padding-top:0px;padding-right:0px;padding-bottom:0px;padding-left:0px;}<\/style>\n<p class=\"kt-adv-heading4509_1ddb4a-b9 wp-block-kadence-advancedheading has-theme-palette-8-color has-text-color\" data-kb-block=\"kb-adv-heading4509_1ddb4a-b9\">Nous avons bien re\u00e7u votre demande. Notre \u00e9quipe l&rsquo;examinera et vous contactera bient\u00f4t pour vous indiquer les prochaines \u00e9tapes. <\/p>\n\n\n<style>.wp-block-kadence-advancedbtn.kb-btns4509_017a2c-93{gap:var(--global-kb-gap-xs, 0.5rem );justify-content:flex-start;align-items:center;}.kt-btns4509_017a2c-93 .kt-button{font-weight:normal;font-style:normal;}<\/style>\n<div class=\"wp-block-kadence-advancedbtn kb-buttons-wrap kb-btns4509_017a2c-93\"><style>ul.menu .wp-block-kadence-advancedbtn .kb-btn4509_677fbb-cc.kb-button{width:initial;}.wp-block-kadence-advancedbtn .kb-btn4509_677fbb-cc.kb-button{color:var(--global-palette2, #2B6CB0);background:var(--global-palette9, #ffffff);border-top-color:var(--global-palette3, #1A202C);border-top-style:solid;border-right-color:var(--global-palette3, #1A202C);border-right-style:solid;border-bottom-color:var(--global-palette3, #1A202C);border-bottom-style:solid;border-left-color:var(--global-palette3, #1A202C);border-left-style:solid;padding-top:var(--global-kb-spacing-xs, 1rem);padding-right:var(--global-kb-spacing-md, 2rem);padding-bottom:var(--global-kb-spacing-xs, 1rem);padding-left:var(--global-kb-spacing-md, 2rem);}.wp-block-kadence-advancedbtn .kb-btn4509_677fbb-cc.kb-button:hover, .wp-block-kadence-advancedbtn .kb-btn4509_677fbb-cc.kb-button:focus{color:var(--global-palette9, #ffffff);background:var(--global-palette2, #2B6CB0);}@media all and (max-width: 1024px){.wp-block-kadence-advancedbtn .kb-btn4509_677fbb-cc.kb-button{border-top-color:var(--global-palette3, #1A202C);border-top-style:solid;border-right-color:var(--global-palette3, #1A202C);border-right-style:solid;border-bottom-color:var(--global-palette3, #1A202C);border-bottom-style:solid;border-left-color:var(--global-palette3, #1A202C);border-left-style:solid;}}@media all and (max-width: 767px){.wp-block-kadence-advancedbtn .kb-btn4509_677fbb-cc.kb-button{border-top-color:var(--global-palette3, #1A202C);border-top-style:solid;border-right-color:var(--global-palette3, #1A202C);border-right-style:solid;border-bottom-color:var(--global-palette3, #1A202C);border-bottom-style:solid;border-left-color:var(--global-palette3, #1A202C);border-left-style:solid;}}<\/style><a class=\"kb-button kt-button button kb-btn4509_677fbb-cc kt-btn-size-standard kt-btn-width-type-full kb-btn-global-inherit kt-btn-has-text-true kt-btn-has-svg-false  wp-block-button__link kb-btn-global-inherit wp-block-kadence-singlebtn\" href=\"https:\/\/haqaa3.obreal.org\/fr\/evaluations-dagences\/\"><span class=\"kt-btn-inner-text\">Retour au site des \u00e9valuations d&rsquo;agences<\/span><\/a><\/div>\n<\/div><\/div>\n\n<\/div><\/div>","protected":false},"excerpt":{"rendered":"<p>Merci pour votre soumission ! Nous avons bien re\u00e7u votre demande. Notre \u00e9quipe l&rsquo;examinera et vous contactera bient\u00f4t pour vous indiquer les prochaines \u00e9tapes.<\/p>\n","protected":false},"author":7,"featured_media":0,"parent":4658,"menu_order":0,"comment_status":"closed","ping_status":"closed","template":"","meta":{"_acf_changed":false,"_bbp_topic_count":0,"_bbp_reply_count":0,"_bbp_total_topic_count":0,"_bbp_total_reply_count":0,"_bbp_voice_count":0,"_bbp_anonymous_reply_count":0,"_bbp_topic_count_hidden":0,"_bbp_reply_count_hidden":0,"_bbp_forum_subforum_count":0,"inline_featured_image":false,"_kad_blocks_custom_css":"","_kad_blocks_head_custom_js":"","_kad_blocks_body_custom_js":"","_kad_blocks_footer_custom_js":"","_kad_post_transparent":"","_kad_post_title":"","_kad_post_layout":"","_kad_post_sidebar_id":"","_kad_post_content_style":"","_kad_post_vertical_padding":"","_kad_post_feature":"","_kad_post_feature_position":"","_kad_post_header":false,"_kad_post_footer":false,"footnotes":""},"class_list":["post-4670","page","type-page","status-publish","hentry"],"acf":[],"yoast_head":"<!-- This site is optimized with the Yoast SEO plugin v26.0 - https:\/\/yoast.com\/wordpress\/plugins\/seo\/ -->\n<title>Confirmation - \u00c9valuations d&#039;agences - HAQAA3<\/title>\n<meta name=\"robots\" content=\"index, follow, max-snippet:-1, max-image-preview:large, max-video-preview:-1\" \/>\n<link rel=\"canonical\" href=\"https:\/\/haqaa3.obreal.org\/fr\/evaluations-dagences\/confirmation-evaluations-dagences\/\" \/>\n<meta property=\"og:locale\" content=\"fr_FR\" \/>\n<meta property=\"og:type\" content=\"article\" \/>\n<meta property=\"og:title\" content=\"Confirmation - \u00c9valuations d&#039;agences - HAQAA3\" \/>\n<meta property=\"og:description\" content=\"Merci pour votre soumission ! Nous avons bien re\u00e7u votre demande. Notre \u00e9quipe l&rsquo;examinera et vous contactera bient\u00f4t pour vous indiquer les prochaines \u00e9tapes.\" \/>\n<meta property=\"og:url\" content=\"https:\/\/haqaa3.obreal.org\/fr\/evaluations-dagences\/confirmation-evaluations-dagences\/\" \/>\n<meta property=\"og:site_name\" content=\"HAQAA3\" \/>\n<meta property=\"article:modified_time\" content=\"2025-02-03T10:46:44+00:00\" \/>\n<meta property=\"og:image\" content=\"https:\/\/haqaa3.obreal.org\/wp-content\/uploads\/2025\/01\/Diseno-sin-titulo-30.png\" \/>\n\t<meta property=\"og:image:width\" content=\"500\" \/>\n\t<meta property=\"og:image:height\" content=\"500\" \/>\n\t<meta property=\"og:image:type\" content=\"image\/png\" \/>\n<meta name=\"twitter:card\" content=\"summary_large_image\" \/>\n<meta name=\"twitter:site\" content=\"@HAQAA_3\" \/>\n<script type=\"application\/ld+json\" class=\"yoast-schema-graph\">{\"@context\":\"https:\/\/schema.org\",\"@graph\":[{\"@type\":\"WebPage\",\"@id\":\"https:\/\/haqaa3.obreal.org\/fr\/evaluations-dagences\/confirmation-evaluations-dagences\/\",\"url\":\"https:\/\/haqaa3.obreal.org\/fr\/evaluations-dagences\/confirmation-evaluations-dagences\/\",\"name\":\"Confirmation - \u00c9valuations d'agences - HAQAA3\",\"isPartOf\":{\"@id\":\"https:\/\/haqaa3.obreal.org\/fr\/#website\"},\"primaryImageOfPage\":{\"@id\":\"https:\/\/haqaa3.obreal.org\/fr\/evaluations-dagences\/confirmation-evaluations-dagences\/#primaryimage\"},\"image\":{\"@id\":\"https:\/\/haqaa3.obreal.org\/fr\/evaluations-dagences\/confirmation-evaluations-dagences\/#primaryimage\"},\"thumbnailUrl\":\"https:\/\/haqaa3.obreal.org\/wp-content\/uploads\/2025\/01\/Diseno-sin-titulo-30.png\",\"datePublished\":\"2025-01-30T13:14:39+00:00\",\"dateModified\":\"2025-02-03T10:46:44+00:00\",\"breadcrumb\":{\"@id\":\"https:\/\/haqaa3.obreal.org\/fr\/evaluations-dagences\/confirmation-evaluations-dagences\/#breadcrumb\"},\"inLanguage\":\"fr-FR\",\"potentialAction\":[{\"@type\":\"ReadAction\",\"target\":[\"https:\/\/haqaa3.obreal.org\/fr\/evaluations-dagences\/confirmation-evaluations-dagences\/\"]}]},{\"@type\":\"ImageObject\",\"inLanguage\":\"fr-FR\",\"@id\":\"https:\/\/haqaa3.obreal.org\/fr\/evaluations-dagences\/confirmation-evaluations-dagences\/#primaryimage\",\"url\":\"https:\/\/haqaa3.obreal.org\/wp-content\/uploads\/2025\/01\/Diseno-sin-titulo-30.png\",\"contentUrl\":\"https:\/\/haqaa3.obreal.org\/wp-content\/uploads\/2025\/01\/Diseno-sin-titulo-30.png\"},{\"@type\":\"BreadcrumbList\",\"@id\":\"https:\/\/haqaa3.obreal.org\/fr\/evaluations-dagences\/confirmation-evaluations-dagences\/#breadcrumb\",\"itemListElement\":[{\"@type\":\"ListItem\",\"position\":1,\"name\":\"Home\",\"item\":\"https:\/\/haqaa3.obreal.org\/fr\/\"},{\"@type\":\"ListItem\",\"position\":2,\"name\":\"\u00c9VALUATIONS D\u2019AGENCES\",\"item\":\"https:\/\/haqaa3.obreal.org\/fr\/evaluations-dagences\/\"},{\"@type\":\"ListItem\",\"position\":3,\"name\":\"Confirmation &#8211; \u00c9valuations d&#8217;agences\"}]},{\"@type\":\"WebSite\",\"@id\":\"https:\/\/haqaa3.obreal.org\/fr\/#website\",\"url\":\"https:\/\/haqaa3.obreal.org\/fr\/\",\"name\":\"HAQAA3\",\"description\":\"This is the website of HAQAA3, the third phase of a robust response of the European and African Union\u2019s \u201cto provide African countries with the skilled workers, managers and administrators they need to foster sustainable development and encourage trade and investment as well as to enhance citizenship and democratic values\u201d\",\"publisher\":{\"@id\":\"https:\/\/haqaa3.obreal.org\/fr\/#organization\"},\"potentialAction\":[{\"@type\":\"SearchAction\",\"target\":{\"@type\":\"EntryPoint\",\"urlTemplate\":\"https:\/\/haqaa3.obreal.org\/fr\/?s={search_term_string}\"},\"query-input\":{\"@type\":\"PropertyValueSpecification\",\"valueRequired\":true,\"valueName\":\"search_term_string\"}}],\"inLanguage\":\"fr-FR\"},{\"@type\":\"Organization\",\"@id\":\"https:\/\/haqaa3.obreal.org\/fr\/#organization\",\"name\":\"HAQAA3\",\"url\":\"https:\/\/haqaa3.obreal.org\/fr\/\",\"logo\":{\"@type\":\"ImageObject\",\"inLanguage\":\"fr-FR\",\"@id\":\"https:\/\/haqaa3.obreal.org\/fr\/#\/schema\/logo\/image\/\",\"url\":\"https:\/\/haqaa3.obreal.org\/wp-content\/uploads\/2023\/08\/Perfil-Twitter.png\",\"contentUrl\":\"https:\/\/haqaa3.obreal.org\/wp-content\/uploads\/2023\/08\/Perfil-Twitter.png\",\"width\":400,\"height\":400,\"caption\":\"HAQAA3\"},\"image\":{\"@id\":\"https:\/\/haqaa3.obreal.org\/fr\/#\/schema\/logo\/image\/\"},\"sameAs\":[\"https:\/\/x.com\/HAQAA_3\"]}]}<\/script>\n<!-- \/ Yoast SEO plugin. -->","yoast_head_json":{"title":"Confirmation - \u00c9valuations d'agences - HAQAA3","robots":{"index":"index","follow":"follow","max-snippet":"max-snippet:-1","max-image-preview":"max-image-preview:large","max-video-preview":"max-video-preview:-1"},"canonical":"https:\/\/haqaa3.obreal.org\/fr\/evaluations-dagences\/confirmation-evaluations-dagences\/","og_locale":"fr_FR","og_type":"article","og_title":"Confirmation - \u00c9valuations d'agences - HAQAA3","og_description":"Merci pour votre soumission ! Nous avons bien re\u00e7u votre demande. Notre \u00e9quipe l&rsquo;examinera et vous contactera bient\u00f4t pour vous indiquer les prochaines \u00e9tapes.","og_url":"https:\/\/haqaa3.obreal.org\/fr\/evaluations-dagences\/confirmation-evaluations-dagences\/","og_site_name":"HAQAA3","article_modified_time":"2025-02-03T10:46:44+00:00","og_image":[{"width":500,"height":500,"url":"https:\/\/haqaa3.obreal.org\/wp-content\/uploads\/2025\/01\/Diseno-sin-titulo-30.png","type":"image\/png"}],"twitter_card":"summary_large_image","twitter_site":"@HAQAA_3","schema":{"@context":"https:\/\/schema.org","@graph":[{"@type":"WebPage","@id":"https:\/\/haqaa3.obreal.org\/fr\/evaluations-dagences\/confirmation-evaluations-dagences\/","url":"https:\/\/haqaa3.obreal.org\/fr\/evaluations-dagences\/confirmation-evaluations-dagences\/","name":"Confirmation - \u00c9valuations d'agences - HAQAA3","isPartOf":{"@id":"https:\/\/haqaa3.obreal.org\/fr\/#website"},"primaryImageOfPage":{"@id":"https:\/\/haqaa3.obreal.org\/fr\/evaluations-dagences\/confirmation-evaluations-dagences\/#primaryimage"},"image":{"@id":"https:\/\/haqaa3.obreal.org\/fr\/evaluations-dagences\/confirmation-evaluations-dagences\/#primaryimage"},"thumbnailUrl":"https:\/\/haqaa3.obreal.org\/wp-content\/uploads\/2025\/01\/Diseno-sin-titulo-30.png","datePublished":"2025-01-30T13:14:39+00:00","dateModified":"2025-02-03T10:46:44+00:00","breadcrumb":{"@id":"https:\/\/haqaa3.obreal.org\/fr\/evaluations-dagences\/confirmation-evaluations-dagences\/#breadcrumb"},"inLanguage":"fr-FR","potentialAction":[{"@type":"ReadAction","target":["https:\/\/haqaa3.obreal.org\/fr\/evaluations-dagences\/confirmation-evaluations-dagences\/"]}]},{"@type":"ImageObject","inLanguage":"fr-FR","@id":"https:\/\/haqaa3.obreal.org\/fr\/evaluations-dagences\/confirmation-evaluations-dagences\/#primaryimage","url":"https:\/\/haqaa3.obreal.org\/wp-content\/uploads\/2025\/01\/Diseno-sin-titulo-30.png","contentUrl":"https:\/\/haqaa3.obreal.org\/wp-content\/uploads\/2025\/01\/Diseno-sin-titulo-30.png"},{"@type":"BreadcrumbList","@id":"https:\/\/haqaa3.obreal.org\/fr\/evaluations-dagences\/confirmation-evaluations-dagences\/#breadcrumb","itemListElement":[{"@type":"ListItem","position":1,"name":"Home","item":"https:\/\/haqaa3.obreal.org\/fr\/"},{"@type":"ListItem","position":2,"name":"\u00c9VALUATIONS D\u2019AGENCES","item":"https:\/\/haqaa3.obreal.org\/fr\/evaluations-dagences\/"},{"@type":"ListItem","position":3,"name":"Confirmation &#8211; \u00c9valuations d&#8217;agences"}]},{"@type":"WebSite","@id":"https:\/\/haqaa3.obreal.org\/fr\/#website","url":"https:\/\/haqaa3.obreal.org\/fr\/","name":"HAQAA3","description":"This is the website of HAQAA3, the third phase of a robust response of the European and African Union\u2019s \u201cto provide African countries with the skilled workers, managers and administrators they need to foster sustainable development and encourage trade and investment as well as to enhance citizenship and democratic values\u201d","publisher":{"@id":"https:\/\/haqaa3.obreal.org\/fr\/#organization"},"potentialAction":[{"@type":"SearchAction","target":{"@type":"EntryPoint","urlTemplate":"https:\/\/haqaa3.obreal.org\/fr\/?s={search_term_string}"},"query-input":{"@type":"PropertyValueSpecification","valueRequired":true,"valueName":"search_term_string"}}],"inLanguage":"fr-FR"},{"@type":"Organization","@id":"https:\/\/haqaa3.obreal.org\/fr\/#organization","name":"HAQAA3","url":"https:\/\/haqaa3.obreal.org\/fr\/","logo":{"@type":"ImageObject","inLanguage":"fr-FR","@id":"https:\/\/haqaa3.obreal.org\/fr\/#\/schema\/logo\/image\/","url":"https:\/\/haqaa3.obreal.org\/wp-content\/uploads\/2023\/08\/Perfil-Twitter.png","contentUrl":"https:\/\/haqaa3.obreal.org\/wp-content\/uploads\/2023\/08\/Perfil-Twitter.png","width":400,"height":400,"caption":"HAQAA3"},"image":{"@id":"https:\/\/haqaa3.obreal.org\/fr\/#\/schema\/logo\/image\/"},"sameAs":["https:\/\/x.com\/HAQAA_3"]}]}},"taxonomy_info":[],"featured_image_src_large":false,"author_info":{"display_name":"Eloi Esposito","author_link":"https:\/\/haqaa3.obreal.org\/fr\/author\/eloiesposito\/"},"comment_info":0,"_links":{"self":[{"href":"https:\/\/haqaa3.obreal.org\/fr\/wp-json\/wp\/v2\/pages\/4670","targetHints":{"allow":["GET"]}}],"collection":[{"href":"https:\/\/haqaa3.obreal.org\/fr\/wp-json\/wp\/v2\/pages"}],"about":[{"href":"https:\/\/haqaa3.obreal.org\/fr\/wp-json\/wp\/v2\/types\/page"}],"author":[{"embeddable":true,"href":"https:\/\/haqaa3.obreal.org\/fr\/wp-json\/wp\/v2\/users\/7"}],"replies":[{"embeddable":true,"href":"https:\/\/haqaa3.obreal.org\/fr\/wp-json\/wp\/v2\/comments?post=4670"}],"version-history":[{"count":1,"href":"https:\/\/haqaa3.obreal.org\/fr\/wp-json\/wp\/v2\/pages\/4670\/revisions"}],"predecessor-version":[{"id":4671,"href":"https:\/\/haqaa3.obreal.org\/fr\/wp-json\/wp\/v2\/pages\/4670\/revisions\/4671"}],"up":[{"embeddable":true,"href":"https:\/\/haqaa3.obreal.org\/fr\/wp-json\/wp\/v2\/pages\/4658"}],"wp:attachment":[{"href":"https:\/\/haqaa3.obreal.org\/fr\/wp-json\/wp\/v2\/media?parent=4670"}],"curies":[{"name":"wp","href":"https:\/\/api.w.org\/{rel}","templated":true}]}}